{"id":740229,"date":"2023-10-26T05:50:25","date_gmt":"2023-10-26T05:50:25","guid":{"rendered":"https:\/\/01geek.fr\/?page_id=740229"},"modified":"2025-11-12T20:15:34","modified_gmt":"2025-11-12T20:15:34","slug":"gaming-streaming-download","status":"publish","type":"page","link":"https:\/\/01geek.fr\/en_en\/","title":{"rendered":"Gaming Streaming Download"},"content":{"rendered":"<div class=\"et_pb_section_0 et_pb_section et_section_regular et_block_section\">\n<div class=\"et_pb_row_0 et_pb_row et_block_row\">\n<div class=\"et_pb_column_0 et_pb_column et_pb_column_4_4 et-last-child et_block_column et_pb_css_mix_blend_mode_passthrough\">\n<div class=\"et_pb_row_1 et_pb_row et_pb_row_nested et_block_row\">\n<div class=\"et_pb_column_1 et_pb_column et_pb_column_4_4 et-last-child et_block_column et_pb_css_mix_blend_mode_passthrough\">\n<div class=\"et_pb_text_0 et_pb_text et_pb_bg_layout_light et_pb_module et_block_module\"><div class=\"et_pb_text_inner\"><p>Welcome to 01Geek, your gateway to the best direct download and streaming platforms! Discover a selection of practical links to useful sites to satisfy all your digital desires. Dive into a world designed for smart, curious geeks!<\/p>\n<\/div><\/div>\n\n<div class=\"et_pb_text_1 et_pb_text et_pb_bg_layout_light et_pb_module et_block_module\"><div class=\"et_pb_text_inner\"><p>Welcome to 01Geek.fr, your hub dedicated to tech and geek culture! Here, we decipher the latest digital trends, explore clever tutorials and dive into the world of innovation enthusiasts. Whether you're a coding pro or just curious and keen to discover new things, join us for a daily dose of geek inspiration!<\/p>\n<\/div><\/div>\n<\/div>\n<\/div>\n<\/div>\n<\/div>\n\n<div class=\"et_pb_row_2 et_pb_row et_block_row\">\n<div class=\"et_pb_column_2 et_pb_column et_pb_column_4_4 et-last-child et_block_column et_pb_css_mix_blend_mode_passthrough\">\n<div class=\"et_pb_blog_0 et_pb_blog et_pb_bg_layout_light et_pb_posts et_pb_module\"><div class=\"et_pb_ajax_pagination_container\"><div class=\"et_pb_posts et_grid_module\"><article class=\"et_pb_post et_pb_post_id_743735 clearfix et_pb_blog_item_0_0 post-743735 post type-post status-publish format-standard has-post-thumbnail hentry category-download\"><div class=\"et_pb_image_container\"><a href=\"https:\/\/01geek.fr\/en_en\/list-of-repack-video-game-websites-2\/\" class=\"entry-featured-image-url\"><img decoding=\"async\" data-src=\"https:\/\/01geek.fr\/wp-content\/uploads\/2025\/11\/telechargement-12.webp\" width=\"400\" height=\"284\" alt=\"Best Gaming Repack\" data-srcset=\"https:\/\/01geek.fr\/wp-content\/uploads\/2025\/11\/telechargement-12.webp 479w, https:\/\/01geek.fr\/wp-content\/uploads\/2025\/11\/telechargement-12-400x284.webp 480w\" data-sizes=\"(max-width:479px) 479px, 100vw\" title=\"\" src=\"data:image\/svg+xml;base64,PHN2ZyB3aWR0aD0iMSIgaGVpZ2h0PSIxIiB4bWxucz0iaHR0cDovL3d3dy53My5vcmcvMjAwMC9zdmciPjwvc3ZnPg==\" class=\"lazyload\" style=\"--smush-placeholder-width: 400px; --smush-placeholder-aspect-ratio: 400\/284;\"><span data-icon=\"\ue050\" class=\"et_overlay et_pb_inline_icon\"><\/span><\/a><\/div><h2 class=\"entry-title\"><a href=\"https:\/\/01geek.fr\/en_en\/list-of-repack-video-game-websites-2\/\">Best Gaming Repack<\/a><\/h2><p class=\"post-meta\"><span class=\"entry-categories\"><a href=\"https:\/\/01geek.fr\/en_en\/download-2\/\" rel=\"tag\">Download<\/a><\/span><\/p><div class=\"post-content\"><div class=\"post-content-inner\"><p>D\u00e9couvrez les Meilleurs Sites pour T\u00e9l\u00e9charger Vos Jeux en 2025 Par l&rsquo;\u00e9quipe&#8230;<\/p>\n<\/div><\/div><\/article><article class=\"et_pb_post et_pb_post_id_747387 clearfix et_pb_blog_item_0_1 post-747387 post type-post status-publish format-standard has-post-thumbnail hentry category-download\"><div class=\"et_pb_image_container\"><a href=\"https:\/\/01geek.fr\/en_en\/2025-streaming-sites\/\" class=\"entry-featured-image-url\"><img decoding=\"async\" data-src=\"https:\/\/01geek.fr\/wp-content\/smush-webp\/2025\/11\/image-7.jpg.webp\" width=\"400\" height=\"284\" alt=\"Streaming sites 2025\" data-srcset=\"https:\/\/01geek.fr\/wp-content\/smush-webp\/2025\/11\/image-7.jpg.webp 479w, https:\/\/01geek.fr\/wp-content\/smush-webp\/2025\/11\/image-7-400x284.jpg.webp 480w\" data-sizes=\"(max-width:479px) 479px, 100vw\" title=\"\" src=\"data:image\/svg+xml;base64,PHN2ZyB3aWR0aD0iMSIgaGVpZ2h0PSIxIiB4bWxucz0iaHR0cDovL3d3dy53My5vcmcvMjAwMC9zdmciPjwvc3ZnPg==\" class=\"lazyload\" style=\"--smush-placeholder-width: 400px; --smush-placeholder-aspect-ratio: 400\/284;\"><span data-icon=\"\ue050\" class=\"et_overlay et_pb_inline_icon\"><\/span><\/a><\/div><h2 class=\"entry-title\"><a href=\"https:\/\/01geek.fr\/en_en\/2025-streaming-sites\/\">Streaming sites 2025<\/a><\/h2><p class=\"post-meta\"><span class=\"entry-categories\"><a href=\"https:\/\/01geek.fr\/en_en\/download-2\/\" rel=\"tag\">Download<\/a><\/span><\/p><div class=\"post-content\"><div class=\"post-content-inner\"><p>The Best Streaming Sites in 2025: Recommendations from the...<\/p>\n<\/div><\/div><\/article><article class=\"et_pb_post et_pb_post_id_747327 clearfix et_pb_blog_item_0_2 post-747327 post type-post status-publish format-standard has-post-thumbnail hentry category-ip-tv\"><div class=\"et_pb_image_container\"><a href=\"https:\/\/01geek.fr\/en_en\/iptv-smarters-pro-and-the-best-sites-for-downloading-free-m3u-lists\/\" class=\"entry-featured-image-url\"><img decoding=\"async\" data-src=\"https:\/\/01geek.fr\/wp-content\/smush-webp\/2025\/04\/Capture-decran-2025-04-27-190141.png.webp\" width=\"400\" height=\"284\" alt=\"IPTV Smarters Pro and the Best Sites to Download Free M3U Playlists\" data-srcset=\"https:\/\/01geek.fr\/wp-content\/smush-webp\/2025\/04\/Capture-decran-2025-04-27-190141.png.webp 479w, https:\/\/01geek.fr\/wp-content\/smush-webp\/2025\/04\/Capture-decran-2025-04-27-190141-400x284.png.webp 480w\" data-sizes=\"(max-width:479px) 479px, 100vw\" title=\"\" src=\"data:image\/svg+xml;base64,PHN2ZyB3aWR0aD0iMSIgaGVpZ2h0PSIxIiB4bWxucz0iaHR0cDovL3d3dy53My5vcmcvMjAwMC9zdmciPjwvc3ZnPg==\" class=\"lazyload\" style=\"--smush-placeholder-width: 400px; --smush-placeholder-aspect-ratio: 400\/284;\"><span data-icon=\"\ue050\" class=\"et_overlay et_pb_inline_icon\"><\/span><\/a><\/div><h2 class=\"entry-title\"><a href=\"https:\/\/01geek.fr\/en_en\/iptv-smarters-pro-and-the-best-sites-for-downloading-free-m3u-lists\/\">IPTV Smarters Pro and the Best Sites to Download Free M3U Playlists<\/a><\/h2><p class=\"post-meta\"><span class=\"entry-categories\"><a href=\"https:\/\/01geek.fr\/en_en\/ip-tv-2\/\" rel=\"tag\">IP TV<\/a><\/span><\/p><div class=\"post-content\"><div class=\"post-content-inner\"><p>Discover IPTV Smarters Pro and the Best Sites to Download Listings...<\/p>\n<\/div><\/div><\/article><article class=\"et_pb_post et_pb_post_id_747290 clearfix et_pb_blog_item_0_3 post-747290 post type-post status-publish format-standard has-post-thumbnail hentry category-gaming\"><div class=\"et_pb_image_container\"><a href=\"https:\/\/01geek.fr\/en_en\/the-best-html5-games-sites-to-discover\/\" class=\"entry-featured-image-url\"><img decoding=\"async\" data-src=\"https:\/\/01geek.fr\/wp-content\/uploads\/2025\/03\/smiling-gamer-girl_1268171-150381.jpeg\" width=\"400\" height=\"284\" alt=\"The best HTML5 games sites to discover\" data-srcset=\"https:\/\/01geek.fr\/wp-content\/uploads\/2025\/03\/smiling-gamer-girl_1268171-150381.jpeg 479w, https:\/\/01geek.fr\/wp-content\/uploads\/2025\/03\/smiling-gamer-girl_1268171-150381-400x284.jpeg 480w\" data-sizes=\"(max-width:479px) 479px, 100vw\" title=\"\" src=\"data:image\/svg+xml;base64,PHN2ZyB3aWR0aD0iMSIgaGVpZ2h0PSIxIiB4bWxucz0iaHR0cDovL3d3dy53My5vcmcvMjAwMC9zdmciPjwvc3ZnPg==\" class=\"lazyload\" style=\"--smush-placeholder-width: 400px; --smush-placeholder-aspect-ratio: 400\/284;\"><span data-icon=\"\ue050\" class=\"et_overlay et_pb_inline_icon\"><\/span><\/a><\/div><h2 class=\"entry-title\"><a href=\"https:\/\/01geek.fr\/en_en\/the-best-html5-games-sites-to-discover\/\">The best HTML5 games sites to discover<\/a><\/h2><p class=\"post-meta\"><span class=\"entry-categories\"><a href=\"https:\/\/01geek.fr\/en_en\/gaming-2\/\" rel=\"tag\">Gaming<\/a><\/span><\/p><div class=\"post-content\"><div class=\"post-content-inner\"><p>Avec l&rsquo;\u00e9volution des technologies web, les jeux en HTML5 ont pris une place&#8230;<\/p>\n<\/div><\/div><\/article><article class=\"et_pb_post et_pb_post_id_747275 clearfix et_pb_blog_item_0_4 post-747275 post type-post status-publish format-standard has-post-thumbnail hentry category-download\"><div class=\"et_pb_image_container\"><a href=\"https:\/\/01geek.fr\/en_en\/immerse-yourself-in-the-world-of-animated-series-on-twitch-south-park-the-simpsons-and-more\/\" class=\"entry-featured-image-url\"><img decoding=\"async\" data-src=\"https:\/\/01geek.fr\/wp-content\/smush-webp\/2025\/04\/Capture-decran-2025-04-09-002642.png.webp\" width=\"400\" height=\"284\" alt=\"Dive into the world of animated series on Twitch: South Park, The Simpsons and more!\" data-srcset=\"https:\/\/01geek.fr\/wp-content\/smush-webp\/2025\/04\/Capture-decran-2025-04-09-002642.png.webp 479w, https:\/\/01geek.fr\/wp-content\/smush-webp\/2025\/04\/Capture-decran-2025-04-09-002642-400x284.png.webp 480w\" data-sizes=\"(max-width:479px) 479px, 100vw\" title=\"\" src=\"data:image\/svg+xml;base64,PHN2ZyB3aWR0aD0iMSIgaGVpZ2h0PSIxIiB4bWxucz0iaHR0cDovL3d3dy53My5vcmcvMjAwMC9zdmciPjwvc3ZnPg==\" class=\"lazyload\" style=\"--smush-placeholder-width: 400px; --smush-placeholder-aspect-ratio: 400\/284;\"><span data-icon=\"\ue050\" class=\"et_overlay et_pb_inline_icon\"><\/span><\/a><\/div><h2 class=\"entry-title\"><a href=\"https:\/\/01geek.fr\/en_en\/immerse-yourself-in-the-world-of-animated-series-on-twitch-south-park-the-simpsons-and-more\/\">Dive into the world of animated series on Twitch: South Park, The Simpsons and more!<\/a><\/h2><p class=\"post-meta\"><span class=\"entry-categories\"><a href=\"https:\/\/01geek.fr\/en_en\/download-2\/\" rel=\"tag\">Download<\/a><\/span><\/p><div class=\"post-content\"><div class=\"post-content-inner\"><p>Discover series in French on Twitch Are you a fan of good old-fashioned...<\/p>\n<\/div><\/div><\/article><article class=\"et_pb_post et_pb_post_id_747225 clearfix et_pb_blog_item_0_5 post-747225 post type-post status-publish format-standard has-post-thumbnail hentry category-download\"><div class=\"et_pb_image_container\"><a href=\"https:\/\/01geek.fr\/en_en\/best-wallpapers-2\/\" class=\"entry-featured-image-url\"><img decoding=\"async\" data-src=\"https:\/\/01geek.fr\/wp-content\/smush-webp\/2025\/01\/Capture-decran-2025-01-28-101330.png.webp\" width=\"400\" height=\"284\" alt=\"Where to find the best wallpapers for your device?\" data-srcset=\"https:\/\/01geek.fr\/wp-content\/smush-webp\/2025\/01\/Capture-decran-2025-01-28-101330.png.webp 479w, https:\/\/01geek.fr\/wp-content\/smush-webp\/2025\/01\/Capture-decran-2025-01-28-101330-400x284.png.webp 480w\" data-sizes=\"(max-width:479px) 479px, 100vw\" title=\"\" src=\"data:image\/svg+xml;base64,PHN2ZyB3aWR0aD0iMSIgaGVpZ2h0PSIxIiB4bWxucz0iaHR0cDovL3d3dy53My5vcmcvMjAwMC9zdmciPjwvc3ZnPg==\" class=\"lazyload\" style=\"--smush-placeholder-width: 400px; --smush-placeholder-aspect-ratio: 400\/284;\"><span data-icon=\"\ue050\" class=\"et_overlay et_pb_inline_icon\"><\/span><\/a><\/div><h2 class=\"entry-title\"><a href=\"https:\/\/01geek.fr\/en_en\/best-wallpapers-2\/\">Where to find the best wallpapers for your device?<\/a><\/h2><p class=\"post-meta\"><span class=\"entry-categories\"><a href=\"https:\/\/01geek.fr\/en_en\/download-2\/\" rel=\"tag\">Download<\/a><\/span><\/p><div class=\"post-content\"><div class=\"post-content-inner\"><p>Here's my selection of the best free wallpaper sites...<\/p>\n<\/div><\/div><\/article><article class=\"et_pb_post et_pb_post_id_747221 clearfix et_pb_blog_item_0_6 post-747221 post type-post status-publish format-standard has-post-thumbnail hentry category-download\"><div class=\"et_pb_image_container\"><a href=\"https:\/\/01geek.fr\/en_en\/inzoi-2\/\" class=\"entry-featured-image-url\"><img decoding=\"async\" data-src=\"https:\/\/01geek.fr\/wp-content\/uploads\/2025\/01\/INZOI_WP_BORA_SKY_3840_2160-scaled.jpg\" width=\"400\" height=\"284\" alt=\"inZOI: Dive into a Dream Life with Unrivalled Realism\" data-srcset=\"https:\/\/01geek.fr\/wp-content\/uploads\/2025\/01\/INZOI_WP_BORA_SKY_3840_2160-scaled.jpg 479w, https:\/\/01geek.fr\/wp-content\/uploads\/2025\/01\/INZOI_WP_BORA_SKY_3840_2160-400x284.jpg 480w\" data-sizes=\"(max-width:479px) 479px, 100vw\" title=\"\" src=\"data:image\/svg+xml;base64,PHN2ZyB3aWR0aD0iMSIgaGVpZ2h0PSIxIiB4bWxucz0iaHR0cDovL3d3dy53My5vcmcvMjAwMC9zdmciPjwvc3ZnPg==\" class=\"lazyload\" style=\"--smush-placeholder-width: 400px; --smush-placeholder-aspect-ratio: 400\/284;\"><span data-icon=\"\ue050\" class=\"et_overlay et_pb_inline_icon\"><\/span><\/a><\/div><h2 class=\"entry-title\"><a href=\"https:\/\/01geek.fr\/en_en\/inzoi-2\/\">inZOI: Dive into a Dream Life with Unrivalled Realism<\/a><\/h2><p class=\"post-meta\"><span class=\"entry-categories\"><a href=\"https:\/\/01geek.fr\/en_en\/download-2\/\" rel=\"tag\">Download<\/a><\/span><\/p><div class=\"post-content\"><div class=\"post-content-inner\"><p>inZOI. C&rsquo;est un jeu de simulation de vie d\u00e9velopp\u00e9 par le studio sud-cor\u00e9en&#8230;<\/p>\n<\/div><\/div><\/article><article class=\"et_pb_post et_pb_post_id_747080 clearfix et_pb_blog_item_0_7 post-747080 post type-post status-publish format-standard has-post-thumbnail hentry category-gaming category-download\"><div class=\"et_pb_image_container\"><a href=\"https:\/\/01geek.fr\/en_en\/tirexo-run-the-ultimate-site-for-free-downloads-and-unlimited-streaming-of-films-and-series\/\" class=\"entry-featured-image-url\"><img decoding=\"async\" data-src=\"https:\/\/01geek.fr\/wp-content\/smush-webp\/2024\/11\/Capture-decran-2024-12-25-104048.png.webp\" width=\"400\" height=\"284\" alt=\"Tirexo: The ultimate free download and streaming site\" data-srcset=\"https:\/\/01geek.fr\/wp-content\/smush-webp\/2024\/11\/Capture-decran-2024-12-25-104048.png.webp 479w, https:\/\/01geek.fr\/wp-content\/smush-webp\/2024\/11\/Capture-decran-2024-12-25-104048-400x284.png.webp 480w\" data-sizes=\"(max-width:479px) 479px, 100vw\" title=\"\" src=\"data:image\/svg+xml;base64,PHN2ZyB3aWR0aD0iMSIgaGVpZ2h0PSIxIiB4bWxucz0iaHR0cDovL3d3dy53My5vcmcvMjAwMC9zdmciPjwvc3ZnPg==\" class=\"lazyload\" style=\"--smush-placeholder-width: 400px; --smush-placeholder-aspect-ratio: 400\/284;\"><span data-icon=\"\ue050\" class=\"et_overlay et_pb_inline_icon\"><\/span><\/a><\/div><h2 class=\"entry-title\"><a href=\"https:\/\/01geek.fr\/en_en\/tirexo-run-the-ultimate-site-for-free-downloads-and-unlimited-streaming-of-films-and-series\/\">Tirexo: The ultimate free download and streaming site<\/a><\/h2><p class=\"post-meta\"><span class=\"entry-categories\"><a href=\"https:\/\/01geek.fr\/en_en\/gaming-2\/\" rel=\"tag\">Gaming<\/a>, <a href=\"https:\/\/01geek.fr\/en_en\/download-2\/\" rel=\"tag\">Download<\/a><\/span><\/p><div class=\"post-content\"><div class=\"post-content-inner\"><p>VPN chrome VPN Firefox To access this site a VPN is required...<\/p>\n<\/div><\/div><\/article><article class=\"et_pb_post et_pb_post_id_747066 clearfix et_pb_blog_item_0_8 post-747066 post type-post status-publish format-standard has-post-thumbnail hentry category-streaming-film-serie-manga\"><div class=\"et_pb_image_container\"><a href=\"https:\/\/01geek.fr\/en_en\/m6-and-pluto-tv-team-up-for-maximum-free-streaming\/\" class=\"entry-featured-image-url\"><img decoding=\"async\" data-src=\"https:\/\/01geek.fr\/wp-content\/uploads\/2024\/09\/DALL\u00b7E-2024-09-25-11.37.18-A-vibrant-youthful-design-for-a-streaming-service-announcement-featuring-logos-of-M6-and-Pluto-TV.-The-background-is-dynamic-with-colorful-streaming-.webp\" width=\"400\" height=\"284\" alt=\"Pluto 6play Crunchyroll: maximum free streaming!\" data-srcset=\"https:\/\/01geek.fr\/wp-content\/uploads\/2024\/09\/DALL\u00b7E-2024-09-25-11.37.18-A-vibrant-youthful-design-for-a-streaming-service-announcement-featuring-logos-of-M6-and-Pluto-TV.-The-background-is-dynamic-with-colorful-streaming-.webp 479w, https:\/\/01geek.fr\/wp-content\/uploads\/2024\/09\/DALL\u00b7E-2024-09-25-11.37.18-A-vibrant-youthful-design-for-a-streaming-service-announcement-featuring-logos-of-M6-and-Pluto-TV.-The-background-is-dynamic-with-colorful-streaming--400x284.webp 480w\" data-sizes=\"(max-width:479px) 479px, 100vw\" title=\"\" src=\"data:image\/svg+xml;base64,PHN2ZyB3aWR0aD0iMSIgaGVpZ2h0PSIxIiB4bWxucz0iaHR0cDovL3d3dy53My5vcmcvMjAwMC9zdmciPjwvc3ZnPg==\" class=\"lazyload\" style=\"--smush-placeholder-width: 400px; --smush-placeholder-aspect-ratio: 400\/284;\"><span data-icon=\"\ue050\" class=\"et_overlay et_pb_inline_icon\"><\/span><\/a><\/div><h2 class=\"entry-title\"><a href=\"https:\/\/01geek.fr\/en_en\/m6-and-pluto-tv-team-up-for-maximum-free-streaming\/\">Pluto 6play Crunchyroll: maximum free streaming!<\/a><\/h2><p class=\"post-meta\"><span class=\"entry-categories\"><a href=\"https:\/\/01geek.fr\/en_en\/streaming-film-serie-manga-2\/\" rel=\"tag\">Streaming<\/a><\/span><\/p><div class=\"post-content\"><div class=\"post-content-inner\"><p>The Best Free Streaming Services in France Want to enjoy the best free...<\/p>\n<\/div><\/div><\/article><article class=\"et_pb_post et_pb_post_id_747015 clearfix et_pb_blog_item_0_9 post-747015 post type-post status-publish format-standard has-post-thumbnail hentry category-web-geek\"><div class=\"et_pb_image_container\"><a href=\"https:\/\/01geek.fr\/en_en\/best-anti-advertising-extensions\/\" class=\"entry-featured-image-url\"><img decoding=\"async\" data-src=\"https:\/\/01geek.fr\/wp-content\/smush-webp\/2024\/08\/Capture-decran-2024-08-13-005612.png.webp\" width=\"400\" height=\"284\" alt=\"Best anti-advertising extensions\" data-srcset=\"https:\/\/01geek.fr\/wp-content\/smush-webp\/2024\/08\/Capture-decran-2024-08-13-005612.png.webp 479w, https:\/\/01geek.fr\/wp-content\/smush-webp\/2024\/08\/Capture-decran-2024-08-13-005612-400x284.png.webp 480w\" data-sizes=\"(max-width:479px) 479px, 100vw\" title=\"\" src=\"data:image\/svg+xml;base64,PHN2ZyB3aWR0aD0iMSIgaGVpZ2h0PSIxIiB4bWxucz0iaHR0cDovL3d3dy53My5vcmcvMjAwMC9zdmciPjwvc3ZnPg==\" class=\"lazyload\" style=\"--smush-placeholder-width: 400px; --smush-placeholder-aspect-ratio: 400\/284;\"><span data-icon=\"\ue050\" class=\"et_overlay et_pb_inline_icon\"><\/span><\/a><\/div><h2 class=\"entry-title\"><a href=\"https:\/\/01geek.fr\/en_en\/best-anti-advertising-extensions\/\">Best anti-advertising extensions<\/a><\/h2><p class=\"post-meta\"><span class=\"entry-categories\"><a href=\"https:\/\/01geek.fr\/en_en\/web-geek-2\/\" rel=\"tag\">Web Geek<\/a><\/span><\/p><div class=\"post-content\"><div class=\"post-content-inner\"><p>T\u00e9l\u00e9charger cette extension T\u00e9l\u00e9charger cette extension<\/p>\n<\/div><\/div><\/article><\/div><div class=\"pagination clearfix\">\n\t<div class=\"alignleft\"><a href=\"https:\/\/01geek.fr\/en_en\/wp-json\/wp\/v2\/pages\/740229\/page\/2\/?et_blog\">\"Older Entries<\/a><\/div>\n\t<div class=\"alignright\"><\/div>\n<\/div><\/div><\/div>\n<\/div>\n<\/div>\n<\/div>","protected":false},"excerpt":{"rendered":"","protected":false},"author":1,"featured_media":0,"parent":0,"menu_order":0,"comment_status":"closed","ping_status":"closed","template":"","meta":{"footnotes":""},"class_list":["post-740229","page","type-page","status-publish","hentry"],"_links":{"self":[{"href":"https:\/\/01geek.fr\/en_en\/wp-json\/wp\/v2\/pages\/740229","targetHints":{"allow":["GET"]}}],"collection":[{"href":"https:\/\/01geek.fr\/en_en\/wp-json\/wp\/v2\/pages"}],"about":[{"href":"https:\/\/01geek.fr\/en_en\/wp-json\/wp\/v2\/types\/page"}],"author":[{"embeddable":true,"href":"https:\/\/01geek.fr\/en_en\/wp-json\/wp\/v2\/users\/1"}],"replies":[{"embeddable":true,"href":"https:\/\/01geek.fr\/en_en\/wp-json\/wp\/v2\/comments?post=740229"}],"version-history":[{"count":5,"href":"https:\/\/01geek.fr\/en_en\/wp-json\/wp\/v2\/pages\/740229\/revisions"}],"predecessor-version":[{"id":747450,"href":"https:\/\/01geek.fr\/en_en\/wp-json\/wp\/v2\/pages\/740229\/revisions\/747450"}],"wp:attachment":[{"href":"https:\/\/01geek.fr\/en_en\/wp-json\/wp\/v2\/media?parent=740229"}],"curies":[{"name":"wp","href":"https:\/\/api.w.org\/{rel}","templated":true}]}}